{"id":16660,"date":"2025-06-27T15:43:48","date_gmt":"2025-06-27T13:43:48","guid":{"rendered":"https:\/\/sanfrancesco800.cultura.gov.it\/?page_id=16660"},"modified":"2025-06-27T16:10:09","modified_gmt":"2025-06-27T14:10:09","slug":"regolamento-logo","status":"publish","type":"page","link":"https:\/\/sanfrancesco800.cultura.gov.it\/?page_id=16660","title":{"rendered":"REGOLAMENTO LOGO"},"content":{"rendered":"<div id=\"cmsmasters_row_yitwwt5vcd\" class=\"cmsmasters_row cmsmasters_color_scheme_default cmsmasters_row_top_default cmsmasters_row_bot_default cmsmasters_row_boxed\">\n<div class=\"cmsmasters_row_outer_parent\">\n<div class=\"cmsmasters_row_outer\">\n<div class=\"cmsmasters_row_inner\">\n<div class=\"cmsmasters_row_margin\">\n<div id=\"cmsmasters_column_1xq2pnwr2o\" class=\"cmsmasters_column one_first\">\n<div class=\"cmsmasters_column_inner\"><\/div><\/div>\n<\/div>\n<\/div>\n<\/div>\n<\/div>\n<\/div>\n<div id=\"cmsmasters_row_92becpn5b8\" class=\"cmsmasters_row cmsmasters_color_scheme_default cmsmasters_row_top_default cmsmasters_row_bot_default cmsmasters_row_boxed\">\n<div class=\"cmsmasters_row_outer_parent\">\n<div class=\"cmsmasters_row_outer\">\n<div class=\"cmsmasters_row_inner\">\n<div class=\"cmsmasters_row_margin\">\n<div id=\"cmsmasters_column_9hnmzcibw\" class=\"cmsmasters_column one_first\">\n<div class=\"cmsmasters_column_inner\"><div class=\"cmsmasters_text\">\n<h3><strong>REGOLAMENTO PER LA CONCESSIONE DEL PATROCINIO ED IL RILASCIO DEL LOGO<\/strong><\/h3>\n<p><a href=\"https:\/\/sanfrancesco800.cultura.gov.it\/wp-content\/uploads\/2025\/06\/Regolamento-LOGO.pdf\" target=\"_blank\" rel=\"noopener\"><strong>&gt;&gt; Scarica il regolamento in formato Pdf<\/strong><\/a><\/p>\n<p>REGOLAMENTO<br \/>\nPER LA CONCESSIONE DEL PATROCINIO<br \/>\nED IL RILASCIO DEL LOGO<\/p>\n<p>Il Comitato nazionale per la celebrazione dell\u2019ottavo centenario della morte di San Francesco d\u2019Assisi<\/p>\n<p>Preso atto che la legge 31 agosto 2022, n. 140, recante \u201cDisposizioni per la celebrazione dell\u2019ottavo centenario della morte di San Francesco d\u2019Assisi, e in particolare, l\u2019articolo 3, comma 7, della legge n. 140 del 2022, ha previsto che \u201cIl Comitato nazionale \u00e8 sottoposto alla vigilanza del Ministero della cultura. A tale fine, il Comitato elabora e trasmette al Ministero, con cadenza annuale, rendiconti sull&#8217;utilizzo del finanziamento ricevuto, nonch\u00e9 l&#8217;ulteriore documentazione eventualmente richiesta dal medesimo Ministero\u201d.<\/p>\n<p>Considerato che il decreto del Presidente del Consiglio dei ministri 27 aprile 2023 ha previsto l\u2019istituzione del Comitato nazionale per la celebrazione dell\u2019ottavo centenario della morte di San Francesco d\u2019Assisi.<\/p>\n<p>A seguito della deliberazione del Comitato del 25 giugno 2024, con la quale si \u00e8 dato atto dell\u2019opportunit\u00e0 di regolamentare in maniera puntuale la concessione del patrocinio e l\u2019autorizzazione all\u2019utilizzo del logo, si dispone quanto segue.<br \/>\nArt. 1<br \/>\nDisposizioni Generali<\/p>\n<p>Il presente regolamento disciplina la concessione del patrocinio e l\u2019autorizzazione per l\u2019utilizzo del logo, dei segni distintivi e pi\u00f9 in generale dei beni immateriali del \u201cComitato nazionale per la celebrazione dell\u2019ottavo centenario della morte di San Francesco d\u2019Assisi\u201d costituito con d.p.c.m. 27 aprile 2023 ed ha lo scopo di garantire l\u2019uso appropriato e corretto del logo e degli altri simboli identificativi per salvaguardare l\u2019immagine, il prestigio e l\u2019interesse generale del Comitato e delle sue attivit\u00e0 nonch\u00e9 per il loro utilizzo volto alla promozione dell\u2019evento.<\/p>\n<p>Il patrocinio e l\u2019autorizzazione all\u2019utilizzo del logo costituiscono un riconoscimento morale mediante il quale il Comitato esprime la propria simbolica adesione a manifestazioni ritenute meritevoli di apprezzamento per le loro finalit\u00e0 culturali, artistiche, scientifiche, sportive, educative, economiche, sociali, celebrative ed umanitarie<\/p>\n<p>Chiunque faccia uso legittimo del logo secondo quanto previsto dal presente Regolamento dovr\u00e0 garantire la sua adeguata visibilit\u00e0.<\/p>\n<p>La concessione del patrocinio e l\u2019autorizzazione all\u2019utilizzo del logo non hanno carattere oneroso per il Comitato e non comportano benefici finanziari di alcun genere a favore del soggetto richiedente.<\/p>\n<p>Il patrocinio e l\u2019autorizzazione all\u2019utilizzo del logo non conferiscono alcun diritto di esclusiva e possono essere concessi ad una singola iniziativa e solo per il periodo richiesto, non si estendono ad altre iniziative analoghe o affini e non possono essere accordati in via permanente.<\/p>\n<p>Il patrocinio concesso dal Comitato deve essere reso pubblicamente noto dal soggetto che l\u2019ha ottenuto, attraverso i mezzi con i quali provvede alla promozione dell&#8217;iniziativa.<\/p>\n<p>Il logo non \u00e8 modificabile e le sue parti non possono essere separate e\/o ricomposte. Esso deve essere utilizzato nella sua interezza e senza modifiche, rispettandone le forme anche dimensionali, che lo rendono immediatamente distinguibile, nonch\u00e9 i colori e le proporzioni.<\/p>\n<p>Il Comitato favorisce la divulgazione del logo e del patrimonio dei beni immateriali da parte di terzi che intendono promuovere l\u2019evento, purch\u00e9 sostenuta da meritevoli intenti culturali o filantropici o di tutela dei diritti umani, compatibili con le finalit\u00e0 del Comitato.<br \/>\nArt. 2<br \/>\nProcedimento<\/p>\n<p>Il procedimento di concessione del patrocinio e di utilizzo del logo e di ogni altro bene immateriale, \u00e8 a titolo gratuito ed \u00e8 avviato a seguito di presentazione di istanza scritta da parte del soggetto interessato, accompagnata da una relazione illustrativa sulle ragioni dell\u2019utilizzo e sull\u2019esistenza delle condizioni per la concessione in uso del logo, con dettagliata descrizione delle modalit\u00e0 con le quali si intende usufruirne, da inviare al Comitato almeno trenta giorni prima della data di inizio dell\u2019attivit\u00e0 programmata.<\/p>\n<p>La relazione deve, inoltre, contenere l\u2019impegno del richiedente a:<br \/>\na)<br \/>\nutilizzare il logo in modo da non offendere il decoro e il prestigio del Comitato;<br \/>\nb)<br \/>\nse richiesto, mettere a disposizione del pubblico nei luoghi di distribuzione dei propri prodotti o servizi anche pubblicazioni e materiale promozionale del Comitato.<br \/>\nc)<br \/>\nutilizzare il logo secondo quanto stabilito dal Comitato.<\/p>\n<p>L\u2019istanza pu\u00f2 avere ad oggetto, congiuntamente o disgiuntamente, il patrocinio e l\u2019utilizzo del logo del Comitato ovvero di qualsiasi altro suo bene immateriale e deve obbligatoriamente contenere tutte le informazioni necessarie, adeguatamente documentate, ad individuare esattamente il soggetto richiedente (sede, recapito postale e telefonico, indirizzo di posta elettronica), ad illustrare in modo esauriente contenuti, finalit\u00e0, pubblico destinatario, sede e modalit\u00e0 di svolgimento dell\u2019iniziativa programmata.<\/p>\n<p>In particolare, la domanda di patrocinio deve essere sottoscritta o dalla persona fisica interessata o dal rappresentante legale e deve contenere le seguenti indicazioni:<br \/>\na)<br \/>\ndescrizione sintetica dell\u2019iniziativa, data e luogo di svolgimento, finalit\u00e0 e obiettivi, nonch\u00e9 i destinatari e i fruitori;<br \/>\nb)<br \/>\ndenominazione\/ragione sociale, indirizzo, codice fiscale o partita I.v.a.;<br \/>\nc)<br \/>\naltri soggetti pubblici e privati coinvolti nell\u2019organizzazione, la gratuit\u00e0 dell\u2019evento o il ricavato previsto e\/o altre forme di finanziamento o sponsor;<br \/>\nd)<br \/>\ndichiarazione dell\u2019eventuale sussistenza di analoghe richieste di patrocinio ad altri Enti pubblici;<br \/>\ne)<br \/>\ndichiarazione di impegno del soggetto beneficiario ad utilizzare il Patrocinio;<br \/>\nf)<br \/>\nimpegno a presentare, a consuntivo, la relazione sull\u2019iniziativa svolta;<br \/>\ng)<br \/>\nprincipali strumenti comunicativi che si intendono utilizzare per la pubblicizzazione dell\u2019iniziativa.<\/p>\n<p>Il Comitato pu\u00f2 chiedere al soggetto richiedente di integrare la domanda con le comunicazioni e i documenti ritenuti necessari per la conclusione dell\u2019attivit\u00e0 istruttoria, anche al fine di valutare la compatibilit\u00e0 dell\u2019iniziativa con i valori a cui si ispira il Comitato e l\u2019onorabilit\u00e0 del proponente.<\/p>\n<p>La concessione del patrocinio ovvero la licenza all\u2019utilizzo dei beni immateriali richiesti \u00e8 formalizzata con provvedimento del Presidente che dovr\u00e0 esprimere il parere motivato in caso di diniego. Nel provvedimento viene stabilita anche la concreta forma, con limiti e modalit\u00e0 con la quale si attua la licenza richiesta.<\/p>\n<p>Il Comitato pu\u00f2, in ogni caso ed in qualsiasi momento, revocare o sospendere il patrocinio e\/o l\u2019utilizzo del logo quando gli strumenti comunicativi dell\u2019iniziativa o le modalit\u00e0 di svolgimento della manifestazione possano risultare incidenti in modo negativo sull\u2019immagine del Comitato.<\/p>\n<p>A tal fine prima della stampa del materiale informativo e di comunicazione, il soggetto richiedente \u00e8 tenuto a trasmetterne bozza per la visione all\u2019ufficio competente.<br \/>\nArt. 3<br \/>\nValutazione delle istanze<br \/>\n1.<br \/>\nIl patrocinio e l\u2019autorizzazione all\u2019utilizzo dei beni immateriali compreso il logo possono essere concessi ad iniziative, da chiunque sostenute e ovunque realizzate, che siano finalizzate alla promozione dell\u2019ottavo centenario della morte di San Francesco d\u2019Assisi, oppure abbiano rilevante contenuto sotto il profilo culturale, scientifico, educativo, sportivo, economico e sociale, celebrativo, umanitario.<\/p>\n<p>Il patrocinio e l\u2019autorizzazione all\u2019utilizzo gratuito del logo non possono essere concessi ad iniziative di carattere politico.<\/p>\n<p>La valutazione della domanda terr\u00e0 conto di tutti i seguenti elementi concorrenti:<br \/>\na)<br \/>\ndella coerenza dell\u2019iniziativa con le finalit\u00e0 istituzionali del Comitato e con i suoi programmi e progetti;<br \/>\nb)<br \/>\ndella rilevanza dell\u2019evento;<br \/>\nc)<br \/>\ndell\u2019impatto dell\u2019evento negli strumenti comunicativi e le ricadute positive.<br \/>\nIl Comitato non concede patrocini:<br \/>\na)<br \/>\nper iniziative di propaganda politica;<br \/>\nb)<br \/>\nper iniziative non coerenti con le finalit\u00e0 del Comitato;<br \/>\nc)<br \/>\nai partiti politici, ai soggetti che svolgono propaganda politica direttamente o indirettamente per influenzare il procedimento e le campagne elettorali;<br \/>\nd)<br \/>\nai soggetti che mirano a limitare la libert\u00e0 e la dignit\u00e0 dei cittadini o a sostenere ogni forma di discriminazione;<br \/>\ne)<br \/>\nin ogni altro caso che ragioni oggettive e motivate rendano inopportuno il rilascio.<br \/>\nArt. 4<br \/>\nUtilizzo del logo del Comitato<\/p>\n<p>Il logo del Comitato \u00e8 un marchio protetto dalle norme nazionali e internazionali in materia di tutela dei segni distintivi. \u00c8 vietata ogni utilizzazione, anche parziale, se non preventivamente autorizzata. Ogni violazione sar\u00e0 sanzionata a norma di legge.<\/p>\n<p>L\u2019utilizzo del logo, non conforme alla normativa vigente in materia di diritti di propriet\u00e0 industriale, comporta la diffida dall\u2019uso improprio e la sanzione del ritiro del materiale.<\/p>\n<p>Qualora si ravvisi l\u2019impropriet\u00e0 dell\u2019uso del logo, il Comitato ne revoca l\u2019autorizzazione all\u2019uso.<br \/>\nArt.5<br \/>\nModalit\u00e0 d\u2019uso<\/p>\n<p>Il logo potr\u00e0 essere utilizzato dall\u2019ente, associazione, persona fisica o giuridica, istituto o societ\u00e0 che lo ha ottenuto in concessione, congiuntamente alla propria denominazione o ragione sociale e dovr\u00e0 avere le stesse caratteristiche e colorazioni di quello ufficiale del Comitato. \u00c8 in ogni caso espressamente vietato apportare modifiche di qualsiasi tipologia al logo.<br \/>\nArt. 6<br \/>\nCompartecipazione<br \/>\n1. Il Comitato, per iniziative e manifestazioni di particolare valore culturale, scientifico, sociale, educativo, sportivo, ambientale, promosse da soggetti pubblici o privati, pu\u00f2 intervenire direttamente a supporto dei soggetti promotori, utilizzando lo strumento della compartecipazione.<br \/>\n2. La compartecipazione del Comitato all\u2019iniziativa implica necessariamente che in ogni attivit\u00e0 o pubblicazione esterna appaia in modo adeguato il patrocinio e l\u2019utilizzo del Logo che devono essere collocati in evidenza e comunque in pari rilievo rispetto ad altri eventuali patrocini o emblemi o loghi di enti pubblici o privati patrocinatori dell\u2019iniziativa.<\/p>\n<\/div>\n<\/div><\/div>\n<\/div>\n<\/div>\n<\/div>\n<\/div>\n<\/div>\n\n","protected":false},"excerpt":{"rendered":"","protected":false},"author":1,"featured_media":0,"parent":0,"menu_order":0,"comment_status":"closed","ping_status":"closed","template":"","meta":{"footnotes":""},"class_list":["post-16660","page","type-page","status-publish","hentry"],"_links":{"self":[{"href":"https:\/\/sanfrancesco800.cultura.gov.it\/index.php?rest_route=\/wp\/v2\/pages\/16660","targetHints":{"allow":["GET"]}}],"collection":[{"href":"https:\/\/sanfrancesco800.cultura.gov.it\/index.php?rest_route=\/wp\/v2\/pages"}],"about":[{"href":"https:\/\/sanfrancesco800.cultura.gov.it\/index.php?rest_route=\/wp\/v2\/types\/page"}],"author":[{"embeddable":true,"href":"https:\/\/sanfrancesco800.cultura.gov.it\/index.php?rest_route=\/wp\/v2\/users\/1"}],"replies":[{"embeddable":true,"href":"https:\/\/sanfrancesco800.cultura.gov.it\/index.php?rest_route=%2Fwp%2Fv2%2Fcomments&post=16660"}],"version-history":[{"count":4,"href":"https:\/\/sanfrancesco800.cultura.gov.it\/index.php?rest_route=\/wp\/v2\/pages\/16660\/revisions"}],"predecessor-version":[{"id":16667,"href":"https:\/\/sanfrancesco800.cultura.gov.it\/index.php?rest_route=\/wp\/v2\/pages\/16660\/revisions\/16667"}],"wp:attachment":[{"href":"https:\/\/sanfrancesco800.cultura.gov.it\/index.php?rest_route=%2Fwp%2Fv2%2Fmedia&parent=16660"}],"curies":[{"name":"wp","href":"https:\/\/api.w.org\/{rel}","templated":true}]}}